{"id":22,"date":"2023-12-26T09:01:14","date_gmt":"2023-12-26T08:01:14","guid":{"rendered":"https:\/\/garstadmellangard.se\/?page_id=22"},"modified":"2024-06-18T10:53:04","modified_gmt":"2024-06-18T08:53:04","slug":"valkommen-till-garstad-mellangard","status":"publish","type":"page","link":"https:\/\/garstadmellangard.se\/","title":{"rendered":"V\u00e4lkommen till G\u00e4rstad Mellang\u00e5rd"},"content":{"rendered":"\n<p>G\u00e4rstad mellang\u00e5rd ligger utanf\u00f6r Gistad mellan Norrk\u00f6ping och Link\u00f6ping. H\u00e4r bedrivs jordbruk, skogsbruk samt en h\u00e4stverksamhet. Det finns ett fr\u00e4scht och funktionellt stall, ridhus, fina ridv\u00e4gar b\u00e5de i skogen och p\u00e5 grusv\u00e4gar. Ut\u00f6ver det s\u00e4ljer vi flis f\u00f6r anv\u00e4ndning i tr\u00e4dg\u00e5rdar, halm\/h\u00f6 till kaniner, ved och erbjuder diverse servicetj\u00e4nster inom reparation och bygg.<\/p>\n\n\n\n<div class=\"wp-block-columns is-layout-flex wp-container-core-columns-is-layout-9d6595d7 wp-block-columns-is-layout-flex\">\n<div class=\"wp-block-column is-layout-flow wp-block-column-is-layout-flow\">\n<div class=\"wp-block-group\"><div class=\"wp-block-group__inner-container is-layout-constrained wp-block-group-is-layout-constrained\">\n<div class=\"wp-block-group\"><div class=\"wp-block-group__inner-container is-layout-constrained wp-block-group-is-layout-constrained\">\n<h2 class=\"wp-block-heading has-text-align-center\"><a href=\"https:\/\/garstadmellangard.se\/?page_id=31\" target=\"_blank\" rel=\"noopener\" title=\"\">H\u00e4star<\/a><\/h2>\n\n\n\n<ul class=\"wp-block-list\">\n<li>Uthyrning av boxplats<\/li>\n\n\n\n<li>Ridlektioner <\/li>\n\n\n\n<li>H\u00e4stuthyrning\/medryttare<\/li>\n\n\n\n<li>Ponny promenad<\/li>\n\n\n\n<li>\u00c5ka h\u00e4st och vagn<\/li>\n\n\n\n<li>Uthyrning av ridhuset<\/li>\n<\/ul>\n\n\n\n<figure class=\"wp-block-image size-large\"><img loading=\"lazy\" decoding=\"async\" width=\"910\" height=\"1024\" src=\"https:\/\/garstadmellangard.se\/wp-content\/uploads\/2023\/12\/20231226_150608-910x1024.jpg\" alt=\"H\u00e4st som rullar sig\" class=\"wp-image-112\" srcset=\"https:\/\/garstadmellangard.se\/wp-content\/uploads\/2023\/12\/20231226_150608-910x1024.jpg 910w, https:\/\/garstadmellangard.se\/wp-content\/uploads\/2023\/12\/20231226_150608-266x300.jpg 266w, https:\/\/garstadmellangard.se\/wp-content\/uploads\/2023\/12\/20231226_150608-768x865.jpg 768w, https:\/\/garstadmellangard.se\/wp-content\/uploads\/2023\/12\/20231226_150608-1364x1536.jpg 1364w, https:\/\/garstadmellangard.se\/wp-content\/uploads\/2023\/12\/20231226_150608.jpg 1717w\" sizes=\"auto, (max-width: 910px) 100vw, 910px\" \/><\/figure>\n<\/div><\/div>\n<\/div><\/div>\n<\/div>\n\n\n\n<div class=\"wp-block-column is-layout-flow wp-block-column-is-layout-flow\">\n<div class=\"wp-block-group\"><div class=\"wp-block-group__inner-container is-layout-constrained wp-block-group-is-layout-constrained\">\n<div class=\"wp-block-group\"><div class=\"wp-block-group__inner-container is-layout-constrained wp-block-group-is-layout-constrained\">\n<h2 class=\"wp-block-heading has-text-align-center\"><a href=\"https:\/\/garstadmellangard.se\/?page_id=29\" target=\"_blank\" rel=\"noopener\" title=\"\">F\u00f6rs\u00e4ljning<\/a><\/h2>\n\n\n\n<ul class=\"wp-block-list\">\n<li>Flisf\u00f6rs\u00e4ljning<\/li>\n\n\n\n<li>Halm\/h\u00f6 till kanin<\/li>\n\n\n\n<li>Gr\u00f6nsaker<\/li>\n<\/ul>\n\n\n\n<figure class=\"wp-block-image size-full\"><img loading=\"lazy\" decoding=\"async\" width=\"556\" height=\"742\" src=\"https:\/\/garstadmellangard.se\/wp-content\/uploads\/2024\/06\/0.jpg\" alt=\"\" class=\"wp-image-181\" srcset=\"https:\/\/garstadmellangard.se\/wp-content\/uploads\/2024\/06\/0.jpg 556w, https:\/\/garstadmellangard.se\/wp-content\/uploads\/2024\/06\/0-225x300.jpg 225w\" sizes=\"auto, (max-width: 556px) 100vw, 556px\" \/><\/figure>\n<\/div><\/div>\n<\/div><\/div>\n<\/div>\n\n\n\n<div class=\"wp-block-column is-layout-flow wp-block-column-is-layout-flow\">\n<div class=\"wp-block-group\"><div class=\"wp-block-group__inner-container is-layout-constrained wp-block-group-is-layout-constrained\">\n<h2 class=\"wp-block-heading has-text-align-center\"><a href=\"https:\/\/garstadmellangard.se\/?page_id=29\" target=\"_blank\" rel=\"noopener\" title=\"\">Service<\/a><\/h2>\n\n\n\n<ul class=\"wp-block-list\">\n<li>D\u00e4ckbyte p\u00e5 sl\u00e4p<\/li>\n<\/ul>\n<\/div><\/div>\n\n\n\n<div class=\"wp-block-group\"><div class=\"wp-block-group__inner-container is-layout-constrained wp-block-group-is-layout-constrained\">\n<figure class=\"wp-block-image size-large\"><img loading=\"lazy\" decoding=\"async\" width=\"768\" height=\"1024\" src=\"https:\/\/garstadmellangard.se\/wp-content\/uploads\/2023\/12\/20230312_150108-768x1024.jpg\" alt=\"Cavanto med knoppar\" class=\"wp-image-102\" srcset=\"https:\/\/garstadmellangard.se\/wp-content\/uploads\/2023\/12\/20230312_150108-768x1024.jpg 768w, https:\/\/garstadmellangard.se\/wp-content\/uploads\/2023\/12\/20230312_150108-225x300.jpg 225w, https:\/\/garstadmellangard.se\/wp-content\/uploads\/2023\/12\/20230312_150108-1152x1536.jpg 1152w, https:\/\/garstadmellangard.se\/wp-content\/uploads\/2023\/12\/20230312_150108-1536x2048.jpg 1536w, https:\/\/garstadmellangard.se\/wp-content\/uploads\/2023\/12\/20230312_150108-scaled.jpg 1920w\" sizes=\"auto, (max-width: 768px) 100vw, 768px\" \/><\/figure>\n<\/div><\/div>\n<\/div>\n<\/div>\n","protected":false},"excerpt":{"rendered":"<p>G\u00e4rstad mellang\u00e5rd ligger utanf\u00f6r Gistad mellan Norrk\u00f6ping och Link\u00f6ping. H\u00e4r bedrivs jordbruk, skogsbruk samt en h\u00e4stverksamhet. Det finns ett fr\u00e4scht och funktionellt stall, ridhus, fina ridv\u00e4gar b\u00e5de i skogen och p\u00e5 grusv\u00e4gar. Ut\u00f6ver det s\u00e4ljer vi flis f\u00f6r anv\u00e4ndning i tr\u00e4dg\u00e5rdar, halm\/h\u00f6 till kaniner, ved och erbjuder diverse servicetj\u00e4nster inom reparation och bygg. H\u00e4star F\u00f6rs\u00e4ljning&#8230;<\/p>\n","protected":false},"author":1,"featured_media":0,"parent":0,"menu_order":0,"comment_status":"closed","ping_status":"closed","template":"","meta":{"_kadence_starter_templates_imported_post":false,"_kad_post_transparent":"","_kad_post_title":"","_kad_post_layout":"","_kad_post_sidebar_id":"","_kad_post_content_style":"","_kad_post_vertical_padding":"","_kad_post_feature":"","_kad_post_feature_position":"","_kad_post_header":false,"_kad_post_footer":false,"_kad_post_classname":"","footnotes":""},"class_list":["post-22","page","type-page","status-publish","hentry"],"aioseo_notices":[],"jetpack_sharing_enabled":true,"_links":{"self":[{"href":"https:\/\/garstadmellangard.se\/index.php?rest_route=\/wp\/v2\/pages\/22","targetHints":{"allow":["GET"]}}],"collection":[{"href":"https:\/\/garstadmellangard.se\/index.php?rest_route=\/wp\/v2\/pages"}],"about":[{"href":"https:\/\/garstadmellangard.se\/index.php?rest_route=\/wp\/v2\/types\/page"}],"author":[{"embeddable":true,"href":"https:\/\/garstadmellangard.se\/index.php?rest_route=\/wp\/v2\/users\/1"}],"replies":[{"embeddable":true,"href":"https:\/\/garstadmellangard.se\/index.php?rest_route=%2Fwp%2Fv2%2Fcomments&post=22"}],"version-history":[{"count":25,"href":"https:\/\/garstadmellangard.se\/index.php?rest_route=\/wp\/v2\/pages\/22\/revisions"}],"predecessor-version":[{"id":193,"href":"https:\/\/garstadmellangard.se\/index.php?rest_route=\/wp\/v2\/pages\/22\/revisions\/193"}],"wp:attachment":[{"href":"https:\/\/garstadmellangard.se\/index.php?rest_route=%2Fwp%2Fv2%2Fmedia&parent=22"}],"curies":[{"name":"wp","href":"https:\/\/api.w.org\/{rel}","templated":true}]}}