{"id":29,"date":"2023-12-26T09:01:57","date_gmt":"2023-12-26T08:01:57","guid":{"rendered":"https:\/\/garstadmellangard.se\/?page_id=29"},"modified":"2025-03-29T07:14:14","modified_gmt":"2025-03-29T06:14:14","slug":"produkter-service","status":"publish","type":"page","link":"https:\/\/garstadmellangard.se\/?page_id=29","title":{"rendered":"Produkter\/Service"},"content":{"rendered":"\n<h1 class=\"wp-block-heading\">Produkter<\/h1>\n\n\n\n<div class=\"wp-block-columns is-layout-flex wp-container-core-columns-is-layout-9d6595d7 wp-block-columns-is-layout-flex\">\n<div class=\"wp-block-column is-layout-flow wp-block-column-is-layout-flow\">\n<h2 class=\"wp-block-heading\">F\u00f6rs\u00e4ljning av tr\u00e4dg\u00e5rdsflis<\/h2>\n\n\n\n<p>Vi har tr\u00e4flis till f\u00f6rs\u00e4ljning f\u00f6r anv\u00e4ndning i tr\u00e4dg\u00e5rden. Ett tjockt lager flis h\u00e4mmar ogr\u00e4s och h\u00e5ller jorden fuktig. Perfekt till g\u00e5ngar och mellan rabatter\/odlingar i tr\u00e4dg\u00e5rden. Det \u00e4r l\u00e4tt att breda och ger ett fint intryck i tr\u00e4dg\u00e5rden. Flis \u00e4r ett naturmaterial som med tiden bryts ner och berikar jorden.&nbsp;<\/p>\n\n\n\n<p>Pris<\/p>\n\n\n\n<p>1500 kr\/m\u00b3<\/p>\n\n\n\n<p>100kr\/Ikeap\u00e5se<\/p>\n<\/div>\n\n\n\n<div class=\"wp-block-column is-layout-flow wp-block-column-is-layout-flow\">\n<figure class=\"wp-block-image size-large\"><img loading=\"lazy\" decoding=\"async\" width=\"1024\" height=\"768\" src=\"https:\/\/garstadmellangard.se\/wp-content\/uploads\/2023\/12\/20210508_155920-1024x768.jpg\" alt=\"Flis i IKEA p\u00e5se\" class=\"wp-image-69\" srcset=\"https:\/\/garstadmellangard.se\/wp-content\/uploads\/2023\/12\/20210508_155920-1024x768.jpg 1024w, https:\/\/garstadmellangard.se\/wp-content\/uploads\/2023\/12\/20210508_155920-300x225.jpg 300w, https:\/\/garstadmellangard.se\/wp-content\/uploads\/2023\/12\/20210508_155920-768x576.jpg 768w, https:\/\/garstadmellangard.se\/wp-content\/uploads\/2023\/12\/20210508_155920-1536x1152.jpg 1536w, https:\/\/garstadmellangard.se\/wp-content\/uploads\/2023\/12\/20210508_155920-2048x1536.jpg 2048w\" sizes=\"auto, (max-width: 1024px) 100vw, 1024px\" \/><figcaption class=\"wp-element-caption\">Flis IKEA p\u00e5se<\/figcaption><\/figure>\n<\/div>\n\n\n\n<div class=\"wp-block-column is-layout-flow wp-block-column-is-layout-flow\">\n<figure class=\"wp-block-image size-large\"><img loading=\"lazy\" decoding=\"async\" width=\"1024\" height=\"768\" src=\"https:\/\/garstadmellangard.se\/wp-content\/uploads\/2023\/12\/20201110_140455-1024x768.jpg\" alt=\"Flis i tr\u00e4dg\u00e5rd\" class=\"wp-image-70\" srcset=\"https:\/\/garstadmellangard.se\/wp-content\/uploads\/2023\/12\/20201110_140455-1024x768.jpg 1024w, https:\/\/garstadmellangard.se\/wp-content\/uploads\/2023\/12\/20201110_140455-300x225.jpg 300w, https:\/\/garstadmellangard.se\/wp-content\/uploads\/2023\/12\/20201110_140455-768x576.jpg 768w, https:\/\/garstadmellangard.se\/wp-content\/uploads\/2023\/12\/20201110_140455-1536x1152.jpg 1536w, https:\/\/garstadmellangard.se\/wp-content\/uploads\/2023\/12\/20201110_140455-2048x1536.jpg 2048w\" sizes=\"auto, (max-width: 1024px) 100vw, 1024px\" \/><\/figure>\n<\/div>\n<\/div>\n\n\n\n<div class=\"wp-block-columns is-layout-flex wp-container-core-columns-is-layout-9d6595d7 wp-block-columns-is-layout-flex\">\n<div class=\"wp-block-column is-layout-flow wp-block-column-is-layout-flow\">\n<h2 class=\"wp-block-heading\">Kaninhalm\/h\u00f6<\/h2>\n\n\n\n<p><strong>Halm\/H\u00f6<\/strong><\/p>\n\n\n\n<p>Vi har halm och h\u00f6 l\u00e4mpligt f\u00f6r kaniner till f\u00f6rs\u00e4ljning. Skicka ett sms f\u00f6r best\u00e4llning till 0737316278. Betalas via swish.<\/p>\n\n\n\n<p>Halm 150kr\/s\u00e4ck<\/p>\n\n\n\n<p>H\u00f6 150kr\/s\u00e4ck<\/p>\n\n\n\n<p><\/p>\n<\/div>\n\n\n\n<div class=\"wp-block-column is-layout-flow wp-block-column-is-layout-flow\">\n<figure class=\"wp-block-image size-large is-resized\"><img loading=\"lazy\" decoding=\"async\" width=\"1024\" height=\"768\" src=\"https:\/\/garstadmellangard.se\/wp-content\/uploads\/2023\/12\/20210118_152130-1024x768.jpg\" alt=\"H\u00f6 i Ikeap\u00e5se\" class=\"wp-image-72\" style=\"width:331px;height:auto\" srcset=\"https:\/\/garstadmellangard.se\/wp-content\/uploads\/2023\/12\/20210118_152130-1024x768.jpg 1024w, https:\/\/garstadmellangard.se\/wp-content\/uploads\/2023\/12\/20210118_152130-300x225.jpg 300w, https:\/\/garstadmellangard.se\/wp-content\/uploads\/2023\/12\/20210118_152130-768x576.jpg 768w, https:\/\/garstadmellangard.se\/wp-content\/uploads\/2023\/12\/20210118_152130-1536x1152.jpg 1536w, https:\/\/garstadmellangard.se\/wp-content\/uploads\/2023\/12\/20210118_152130-2048x1536.jpg 2048w\" sizes=\"auto, (max-width: 1024px) 100vw, 1024px\" \/><\/figure>\n<\/div>\n\n\n\n<div class=\"wp-block-column is-layout-flow wp-block-column-is-layout-flow\">\n<figure class=\"wp-block-image size-large is-resized\"><img loading=\"lazy\" decoding=\"async\" width=\"768\" height=\"1024\" src=\"https:\/\/garstadmellangard.se\/wp-content\/uploads\/2023\/12\/Resized_20201118_102302_9499-768x1024.jpg\" alt=\"Halm i s\u00e4ck\" class=\"wp-image-73\" style=\"aspect-ratio:1;width:313px;height:auto\" srcset=\"https:\/\/garstadmellangard.se\/wp-content\/uploads\/2023\/12\/Resized_20201118_102302_9499-768x1024.jpg 768w, https:\/\/garstadmellangard.se\/wp-content\/uploads\/2023\/12\/Resized_20201118_102302_9499-225x300.jpg 225w, https:\/\/garstadmellangard.se\/wp-content\/uploads\/2023\/12\/Resized_20201118_102302_9499.jpg 1080w\" sizes=\"auto, (max-width: 768px) 100vw, 768px\" \/><\/figure>\n<\/div>\n<\/div>\n\n\n\n<div class=\"wp-block-columns is-layout-flex wp-container-core-columns-is-layout-9d6595d7 wp-block-columns-is-layout-flex\">\n<div class=\"wp-block-column is-layout-flow wp-block-column-is-layout-flow\">\n<h2 class=\"wp-block-heading\">Gr\u00f6nsaker<\/h2>\n\n\n\n<p>Vi odlar gr\u00f6nsaker f\u00f6r sj\u00e4lvhush\u00e5ll samt till f\u00f6rs\u00e4ljning.<\/p>\n\n\n\n<figure class=\"wp-block-image size-large\"><img loading=\"lazy\" decoding=\"async\" width=\"1024\" height=\"768\" src=\"https:\/\/garstadmellangard.se\/wp-content\/uploads\/2025\/03\/tomat-1024x768.jpg\" alt=\"\" class=\"wp-image-223\" srcset=\"https:\/\/garstadmellangard.se\/wp-content\/uploads\/2025\/03\/tomat-1024x768.jpg 1024w, https:\/\/garstadmellangard.se\/wp-content\/uploads\/2025\/03\/tomat-300x225.jpg 300w, https:\/\/garstadmellangard.se\/wp-content\/uploads\/2025\/03\/tomat-768x576.jpg 768w, https:\/\/garstadmellangard.se\/wp-content\/uploads\/2025\/03\/tomat-1536x1152.jpg 1536w, https:\/\/garstadmellangard.se\/wp-content\/uploads\/2025\/03\/tomat-2048x1536.jpg 2048w\" sizes=\"auto, (max-width: 1024px) 100vw, 1024px\" \/><\/figure>\n<\/div>\n\n\n\n<div class=\"wp-block-column is-layout-flow wp-block-column-is-layout-flow\">\n<figure class=\"wp-block-image size-full\"><img loading=\"lazy\" decoding=\"async\" width=\"556\" height=\"742\" src=\"https:\/\/garstadmellangard.se\/wp-content\/uploads\/2024\/06\/0.jpg\" alt=\"\" class=\"wp-image-181\" srcset=\"https:\/\/garstadmellangard.se\/wp-content\/uploads\/2024\/06\/0.jpg 556w, https:\/\/garstadmellangard.se\/wp-content\/uploads\/2024\/06\/0-225x300.jpg 225w\" sizes=\"auto, (max-width: 556px) 100vw, 556px\" \/><\/figure>\n<\/div>\n\n\n\n<div class=\"wp-block-column is-layout-flow wp-block-column-is-layout-flow\">\n<figure class=\"wp-block-image size-full\"><img loading=\"lazy\" decoding=\"async\" width=\"568\" height=\"757\" src=\"https:\/\/garstadmellangard.se\/wp-content\/uploads\/2025\/03\/lok.jpg\" alt=\"\" class=\"wp-image-224\" srcset=\"https:\/\/garstadmellangard.se\/wp-content\/uploads\/2025\/03\/lok.jpg 568w, https:\/\/garstadmellangard.se\/wp-content\/uploads\/2025\/03\/lok-225x300.jpg 225w\" sizes=\"auto, (max-width: 568px) 100vw, 568px\" \/><\/figure>\n<\/div>\n<\/div>\n\n\n\n<h2 class=\"wp-block-heading\">Ved<\/h2>\n\n\n\n<p><\/p>\n\n\n\n<div class=\"wp-block-columns is-layout-flex wp-container-core-columns-is-layout-9d6595d7 wp-block-columns-is-layout-flex\">\n<div class=\"wp-block-column is-layout-flow wp-block-column-is-layout-flow\"><\/div>\n<\/div>\n\n\n\n<h1 class=\"wp-block-heading\">Service<\/h1>\n\n\n\n<div class=\"wp-block-columns is-layout-flex wp-container-core-columns-is-layout-9d6595d7 wp-block-columns-is-layout-flex\">\n<div class=\"wp-block-column is-layout-flow wp-block-column-is-layout-flow\"><\/div>\n\n\n\n<div class=\"wp-block-column is-layout-flow wp-block-column-is-layout-flow\">\n<h2 class=\"wp-block-heading\">Byte av trailerd\u00e4ck<\/h2>\n\n\n\n<p>Vi erbjuder att byta d\u00e4ck p\u00e5 h\u00e4sttransporter mm<\/p>\n<\/div>\n<\/div>\n","protected":false},"excerpt":{"rendered":"<p>Produkter F\u00f6rs\u00e4ljning av tr\u00e4dg\u00e5rdsflis Vi har tr\u00e4flis till f\u00f6rs\u00e4ljning f\u00f6r anv\u00e4ndning i tr\u00e4dg\u00e5rden. Ett tjockt lager flis h\u00e4mmar ogr\u00e4s och h\u00e5ller jorden fuktig. Perfekt till g\u00e5ngar och mellan rabatter\/odlingar i tr\u00e4dg\u00e5rden. Det \u00e4r l\u00e4tt att breda och ger ett fint intryck i tr\u00e4dg\u00e5rden. Flis \u00e4r ett naturmaterial som med tiden bryts ner och berikar jorden.&nbsp;&#8230;<\/p>\n","protected":false},"author":1,"featured_media":0,"parent":0,"menu_order":0,"comment_status":"closed","ping_status":"closed","template":"","meta":{"_kadence_starter_templates_imported_post":false,"_kad_post_transparent":"","_kad_post_title":"","_kad_post_layout":"","_kad_post_sidebar_id":"","_kad_post_content_style":"","_kad_post_vertical_padding":"","_kad_post_feature":"","_kad_post_feature_position":"","_kad_post_header":false,"_kad_post_footer":false,"_kad_post_classname":"","footnotes":""},"class_list":["post-29","page","type-page","status-publish","hentry"],"aioseo_notices":[],"jetpack_sharing_enabled":true,"_links":{"self":[{"href":"https:\/\/garstadmellangard.se\/index.php?rest_route=\/wp\/v2\/pages\/29","targetHints":{"allow":["GET"]}}],"collection":[{"href":"https:\/\/garstadmellangard.se\/index.php?rest_route=\/wp\/v2\/pages"}],"about":[{"href":"https:\/\/garstadmellangard.se\/index.php?rest_route=\/wp\/v2\/types\/page"}],"author":[{"embeddable":true,"href":"https:\/\/garstadmellangard.se\/index.php?rest_route=\/wp\/v2\/users\/1"}],"replies":[{"embeddable":true,"href":"https:\/\/garstadmellangard.se\/index.php?rest_route=%2Fwp%2Fv2%2Fcomments&post=29"}],"version-history":[{"count":17,"href":"https:\/\/garstadmellangard.se\/index.php?rest_route=\/wp\/v2\/pages\/29\/revisions"}],"predecessor-version":[{"id":225,"href":"https:\/\/garstadmellangard.se\/index.php?rest_route=\/wp\/v2\/pages\/29\/revisions\/225"}],"wp:attachment":[{"href":"https:\/\/garstadmellangard.se\/index.php?rest_route=%2Fwp%2Fv2%2Fmedia&parent=29"}],"curies":[{"name":"wp","href":"https:\/\/api.w.org\/{rel}","templated":true}]}}