{"id":31,"date":"2023-12-26T09:00:15","date_gmt":"2023-12-26T08:00:15","guid":{"rendered":"https:\/\/garstadmellangard.se\/?page_id=31"},"modified":"2025-04-30T21:49:44","modified_gmt":"2025-04-30T19:49:44","slug":"hastar","status":"publish","type":"page","link":"https:\/\/garstadmellangard.se\/?page_id=31","title":{"rendered":"H\u00e4star"},"content":{"rendered":"\n<div class=\"wp-block-columns is-layout-flex wp-container-core-columns-is-layout-9d6595d7 wp-block-columns-is-layout-flex\">\n<div class=\"wp-block-column is-layout-flow wp-block-column-is-layout-flow\">\n<h2 class=\"wp-block-heading\">Uthyrning av boxplats<\/h2>\n\n\n\n<p>Det som ing\u00e5r \u00e4r:&nbsp;<\/p>\n\n\n\n<ul class=\"wp-block-list\">\n<li>Box p\u00e5 3*4 meter<\/li>\n\n\n\n<li>Ridhus 20*60 meter&nbsp;<\/li>\n\n\n\n<li>Fodringar (vi har grovfoderautomater i boxarna)<\/li>\n\n\n\n<li>Ut- och insl\u00e4pp<\/li>\n\n\n\n<li>Str\u00f6 en torvbal\/vecka- beh\u00f6vs extra f\u00e5r man swisha 150kr\/bal<\/li>\n\n\n\n<li>H\u00f6silage- efter behov.<\/li>\n\n\n\n<li>Halm i balkupa vintertid i hagen.<\/li>\n\n\n\n<li>Vi har separata sommar- och vinterhagar.<\/li>\n\n\n\n<li>Utg\u00e5ngspunkten \u00e4r att h\u00e4starna g\u00e5r tv\u00e5 och tv\u00e5. <\/li>\n\n\n\n<li>Spolspilta med varmt och kallt vatten<\/li>\n\n\n\n<li>L\u00e5st sadelkammare<\/li>\n\n\n\n<li>Plats att st\u00e4lla transport<\/li>\n<\/ul>\n\n\n\n<p>Vi tar ej p\u00e5 eller av t\u00e4cken.&nbsp;<\/p>\n\n\n\n<p>Vi tar endast emot valacker.<\/p>\n\n\n\n<p>Under perioden (maj-sept) har vi h\u00e4starna ute dygnet runt beroende p\u00e5 v\u00e4der och de g\u00e5r i gr\u00e4shagar.<\/p>\n\n\n\n<p>Som hyresg\u00e4st f\u00f6rv\u00e4ntas man mocka sin hage dagligen n\u00e4r de g\u00e5r i gr\u00e4shagar (maj-sept) och flera ggr\/vecka n\u00e4r det \u00e4r m\u00f6jligt under vinterhalv\u00e5ret. <br><br><strong>Pris<\/strong> 4900kr inklusive moms<\/p>\n<\/div>\n\n\n\n<div class=\"wp-block-column is-layout-flow wp-block-column-is-layout-flow\">\n<figure class=\"wp-block-image size-large is-resized\"><img loading=\"lazy\" decoding=\"async\" width=\"768\" height=\"1024\" src=\"https:\/\/garstadmellangard.se\/wp-content\/uploads\/2023\/12\/20220413_182305-2-768x1024.jpg\" alt=\"Stallg\u00e5ng\" class=\"wp-image-84\" style=\"aspect-ratio:1;width:572px;height:auto\" srcset=\"https:\/\/garstadmellangard.se\/wp-content\/uploads\/2023\/12\/20220413_182305-2-768x1024.jpg 768w, https:\/\/garstadmellangard.se\/wp-content\/uploads\/2023\/12\/20220413_182305-2-225x300.jpg 225w, https:\/\/garstadmellangard.se\/wp-content\/uploads\/2023\/12\/20220413_182305-2-1152x1536.jpg 1152w, https:\/\/garstadmellangard.se\/wp-content\/uploads\/2023\/12\/20220413_182305-2-1536x2048.jpg 1536w, https:\/\/garstadmellangard.se\/wp-content\/uploads\/2023\/12\/20220413_182305-2-scaled.jpg 1920w\" sizes=\"auto, (max-width: 768px) 100vw, 768px\" \/><figcaption class=\"wp-element-caption\">Stallg\u00e5ng<\/figcaption><\/figure>\n<\/div>\n<\/div>\n\n\n\n<figure class=\"wp-block-gallery has-nested-images columns-default is-cropped wp-block-gallery-1 is-layout-flex wp-block-gallery-is-layout-flex\">\n<figure class=\"wp-block-image size-large\"><img loading=\"lazy\" decoding=\"async\" width=\"768\" height=\"1024\" data-id=\"93\" src=\"https:\/\/garstadmellangard.se\/wp-content\/uploads\/2023\/12\/20220228_124749-768x1024.jpg\" alt=\"Sadelkammare\" class=\"wp-image-93\" srcset=\"https:\/\/garstadmellangard.se\/wp-content\/uploads\/2023\/12\/20220228_124749-768x1024.jpg 768w, https:\/\/garstadmellangard.se\/wp-content\/uploads\/2023\/12\/20220228_124749-225x300.jpg 225w, https:\/\/garstadmellangard.se\/wp-content\/uploads\/2023\/12\/20220228_124749-1152x1536.jpg 1152w, https:\/\/garstadmellangard.se\/wp-content\/uploads\/2023\/12\/20220228_124749-1536x2048.jpg 1536w, https:\/\/garstadmellangard.se\/wp-content\/uploads\/2023\/12\/20220228_124749-scaled.jpg 1920w\" sizes=\"auto, (max-width: 768px) 100vw, 768px\" \/><figcaption class=\"wp-element-caption\">Sadelkammare<\/figcaption><\/figure>\n\n\n\n<figure class=\"wp-block-image size-large\"><img loading=\"lazy\" decoding=\"async\" width=\"768\" height=\"1024\" data-id=\"18\" src=\"https:\/\/garstadmellangard.se\/wp-content\/uploads\/2023\/12\/20210427_100305-edited-768x1024.jpg\" alt=\"Stallg\u00e5ng med valv\" class=\"wp-image-18\" srcset=\"https:\/\/garstadmellangard.se\/wp-content\/uploads\/2023\/12\/20210427_100305-edited-768x1024.jpg 768w, https:\/\/garstadmellangard.se\/wp-content\/uploads\/2023\/12\/20210427_100305-edited-225x300.jpg 225w, https:\/\/garstadmellangard.se\/wp-content\/uploads\/2023\/12\/20210427_100305-edited-1152x1536.jpg 1152w, https:\/\/garstadmellangard.se\/wp-content\/uploads\/2023\/12\/20210427_100305-edited-1536x2048.jpg 1536w, https:\/\/garstadmellangard.se\/wp-content\/uploads\/2023\/12\/20210427_100305-edited-scaled.jpg 1920w\" sizes=\"auto, (max-width: 768px) 100vw, 768px\" \/><figcaption class=\"wp-element-caption\">Stallg\u00e5ng<\/figcaption><\/figure>\n\n\n\n<figure class=\"wp-block-image size-large\"><img loading=\"lazy\" decoding=\"async\" width=\"768\" height=\"1024\" data-id=\"91\" src=\"https:\/\/garstadmellangard.se\/wp-content\/uploads\/2023\/12\/20210427_093245-1-768x1024.jpg\" alt=\"Spolspilta med varmt och kallt vatten\" class=\"wp-image-91\" srcset=\"https:\/\/garstadmellangard.se\/wp-content\/uploads\/2023\/12\/20210427_093245-1-768x1024.jpg 768w, https:\/\/garstadmellangard.se\/wp-content\/uploads\/2023\/12\/20210427_093245-1-225x300.jpg 225w, https:\/\/garstadmellangard.se\/wp-content\/uploads\/2023\/12\/20210427_093245-1-1152x1536.jpg 1152w, https:\/\/garstadmellangard.se\/wp-content\/uploads\/2023\/12\/20210427_093245-1-1536x2048.jpg 1536w, https:\/\/garstadmellangard.se\/wp-content\/uploads\/2023\/12\/20210427_093245-1-scaled.jpg 1920w\" sizes=\"auto, (max-width: 768px) 100vw, 768px\" \/><figcaption class=\"wp-element-caption\">Spolspilta <\/figcaption><\/figure>\n\n\n\n<figure class=\"wp-block-image size-large\"><img loading=\"lazy\" decoding=\"async\" width=\"768\" height=\"1024\" data-id=\"92\" src=\"https:\/\/garstadmellangard.se\/wp-content\/uploads\/2023\/12\/20210821_081503-768x1024.jpg\" alt=\"Fodersk\u00e5p i box\" class=\"wp-image-92\" srcset=\"https:\/\/garstadmellangard.se\/wp-content\/uploads\/2023\/12\/20210821_081503-768x1024.jpg 768w, https:\/\/garstadmellangard.se\/wp-content\/uploads\/2023\/12\/20210821_081503-225x300.jpg 225w, https:\/\/garstadmellangard.se\/wp-content\/uploads\/2023\/12\/20210821_081503-1152x1536.jpg 1152w, https:\/\/garstadmellangard.se\/wp-content\/uploads\/2023\/12\/20210821_081503-1536x2048.jpg 1536w, https:\/\/garstadmellangard.se\/wp-content\/uploads\/2023\/12\/20210821_081503-scaled.jpg 1920w\" sizes=\"auto, (max-width: 768px) 100vw, 768px\" \/><figcaption class=\"wp-element-caption\">Fodersk\u00e5p i box<\/figcaption><\/figure>\n\n\n\n<figure class=\"wp-block-image size-large\"><img loading=\"lazy\" decoding=\"async\" width=\"768\" height=\"1024\" data-id=\"203\" src=\"https:\/\/garstadmellangard.se\/wp-content\/uploads\/2024\/06\/HUnder-768x1024.jpg\" alt=\"\" class=\"wp-image-203\" srcset=\"https:\/\/garstadmellangard.se\/wp-content\/uploads\/2024\/06\/HUnder-768x1024.jpg 768w, https:\/\/garstadmellangard.se\/wp-content\/uploads\/2024\/06\/HUnder-225x300.jpg 225w, https:\/\/garstadmellangard.se\/wp-content\/uploads\/2024\/06\/HUnder-1152x1536.jpg 1152w, https:\/\/garstadmellangard.se\/wp-content\/uploads\/2024\/06\/HUnder.jpg 1200w\" sizes=\"auto, (max-width: 768px) 100vw, 768px\" \/><\/figure>\n\n\n\n<figure class=\"wp-block-image size-large\"><img loading=\"lazy\" decoding=\"async\" width=\"768\" height=\"1024\" data-id=\"102\" src=\"https:\/\/garstadmellangard.se\/wp-content\/uploads\/2023\/12\/20230312_150108-768x1024.jpg\" alt=\"Cavanto med knoppar\" class=\"wp-image-102\" srcset=\"https:\/\/garstadmellangard.se\/wp-content\/uploads\/2023\/12\/20230312_150108-768x1024.jpg 768w, https:\/\/garstadmellangard.se\/wp-content\/uploads\/2023\/12\/20230312_150108-225x300.jpg 225w, https:\/\/garstadmellangard.se\/wp-content\/uploads\/2023\/12\/20230312_150108-1152x1536.jpg 1152w, https:\/\/garstadmellangard.se\/wp-content\/uploads\/2023\/12\/20230312_150108-1536x2048.jpg 1536w, https:\/\/garstadmellangard.se\/wp-content\/uploads\/2023\/12\/20230312_150108-scaled.jpg 1920w\" sizes=\"auto, (max-width: 768px) 100vw, 768px\" \/><\/figure>\n<\/figure>\n\n\n\n<div class=\"wp-block-columns is-layout-flex wp-container-core-columns-is-layout-9d6595d7 wp-block-columns-is-layout-flex\">\n<div class=\"wp-block-column is-layout-flow wp-block-column-is-layout-flow\">\n<h2 class=\"wp-block-heading\">Ridlektioner<\/h2>\n\n\n\n<p>Jag erbjuder ridlektioner ca 60 minuter inklusive iordningst\u00e4llande\/hantering av h\u00e4st f\u00f6re och efter ridpasset. <\/p>\n\n\n\n<p><strong>Pris<\/strong> 400kr\/g\u00e5ng. <\/p>\n<\/div>\n\n\n\n<div class=\"wp-block-column is-layout-flow wp-block-column-is-layout-flow\">\n<figure class=\"wp-block-image size-large\"><img loading=\"lazy\" decoding=\"async\" width=\"768\" height=\"1024\" src=\"https:\/\/garstadmellangard.se\/wp-content\/uploads\/2023\/12\/20230912_093202-768x1024.jpg\" alt=\"Under p\u00e5 ridlektion i skogen\" class=\"wp-image-109\" srcset=\"https:\/\/garstadmellangard.se\/wp-content\/uploads\/2023\/12\/20230912_093202-768x1024.jpg 768w, https:\/\/garstadmellangard.se\/wp-content\/uploads\/2023\/12\/20230912_093202-225x300.jpg 225w, https:\/\/garstadmellangard.se\/wp-content\/uploads\/2023\/12\/20230912_093202-1152x1536.jpg 1152w, https:\/\/garstadmellangard.se\/wp-content\/uploads\/2023\/12\/20230912_093202-1536x2048.jpg 1536w, https:\/\/garstadmellangard.se\/wp-content\/uploads\/2023\/12\/20230912_093202-scaled.jpg 1920w\" sizes=\"auto, (max-width: 768px) 100vw, 768px\" \/><\/figure>\n<\/div>\n<\/div>\n\n\n\n<div class=\"wp-block-columns is-layout-flex wp-container-core-columns-is-layout-9d6595d7 wp-block-columns-is-layout-flex\">\n<div class=\"wp-block-column is-layout-flow wp-block-column-is-layout-flow\">\n<h2 class=\"wp-block-heading\"><\/h2>\n\n\n\n<p><\/p>\n<\/div>\n\n\n\n<div class=\"wp-block-column is-layout-flow wp-block-column-is-layout-flow\"><\/div>\n<\/div>\n\n\n\n<div class=\"wp-block-columns is-layout-flex wp-container-core-columns-is-layout-9d6595d7 wp-block-columns-is-layout-flex\">\n<div class=\"wp-block-column is-layout-flow wp-block-column-is-layout-flow\">\n<h2 class=\"wp-block-heading\">Ponny promenad<\/h2>\n\n\n\n<p>V\u00e4lkommen till Heidis ponnypromenader med pyssel och ridtur. Cirka 45 minuter varav cirka 15 minuter ridning fr\u00e5n ca 3 \u00e5r. Hj\u00e4lm finns att l\u00e5na. <\/p>\n\n\n\n<p><strong>Pris<\/strong> 200kr betalas med swish eller kontant p\u00e5 plats.<\/p>\n\n\n\n<p>Tid bokas via SMS 0729660839<\/p>\n\n\n\n<h2 class=\"wp-block-heading\"><\/h2>\n<\/div>\n\n\n\n<div class=\"wp-block-column is-layout-flow wp-block-column-is-layout-flow\">\n<figure class=\"wp-block-image size-large\"><img loading=\"lazy\" decoding=\"async\" width=\"1024\" height=\"683\" src=\"https:\/\/garstadmellangard.se\/wp-content\/uploads\/2024\/06\/Ponnypuss-1024x683.jpg\" alt=\"Ponnypuss\" class=\"wp-image-165\" srcset=\"https:\/\/garstadmellangard.se\/wp-content\/uploads\/2024\/06\/Ponnypuss-1024x683.jpg 1024w, https:\/\/garstadmellangard.se\/wp-content\/uploads\/2024\/06\/Ponnypuss-300x200.jpg 300w, https:\/\/garstadmellangard.se\/wp-content\/uploads\/2024\/06\/Ponnypuss-768x512.jpg 768w, https:\/\/garstadmellangard.se\/wp-content\/uploads\/2024\/06\/Ponnypuss-1536x1024.jpg 1536w, https:\/\/garstadmellangard.se\/wp-content\/uploads\/2024\/06\/Ponnypuss-2048x1366.jpg 2048w\" sizes=\"auto, (max-width: 1024px) 100vw, 1024px\" \/><\/figure>\n<\/div>\n<\/div>\n\n\n\n<div class=\"wp-block-columns is-layout-flex wp-container-core-columns-is-layout-9d6595d7 wp-block-columns-is-layout-flex\">\n<div class=\"wp-block-column is-layout-flow wp-block-column-is-layout-flow\">\n<h2 class=\"wp-block-heading\">\u00c5ka h\u00e4st och vagn<\/h2>\n\n\n\n<p>Kontakta f\u00f6r mer information<\/p>\n\n\n\n<div class=\"wp-block-columns is-layout-flex wp-container-core-columns-is-layout-9d6595d7 wp-block-columns-is-layout-flex\">\n<div class=\"wp-block-column is-layout-flow wp-block-column-is-layout-flow\"><\/div>\n\n\n\n<div class=\"wp-block-column is-layout-flow wp-block-column-is-layout-flow\"><\/div>\n<\/div>\n<\/div>\n\n\n\n<div class=\"wp-block-column is-layout-flow wp-block-column-is-layout-flow\">\n<figure class=\"wp-block-image size-large is-resized\"><img loading=\"lazy\" decoding=\"async\" width=\"768\" height=\"1024\" src=\"https:\/\/garstadmellangard.se\/wp-content\/uploads\/2023\/12\/20221221_111140-768x1024.jpg\" alt=\"Hector med rockard-v\u00e5rvinter\" class=\"wp-image-119\" style=\"aspect-ratio:1;width:486px;height:auto\" srcset=\"https:\/\/garstadmellangard.se\/wp-content\/uploads\/2023\/12\/20221221_111140-768x1024.jpg 768w, https:\/\/garstadmellangard.se\/wp-content\/uploads\/2023\/12\/20221221_111140-225x300.jpg 225w, https:\/\/garstadmellangard.se\/wp-content\/uploads\/2023\/12\/20221221_111140-1152x1536.jpg 1152w, https:\/\/garstadmellangard.se\/wp-content\/uploads\/2023\/12\/20221221_111140-1536x2048.jpg 1536w, https:\/\/garstadmellangard.se\/wp-content\/uploads\/2023\/12\/20221221_111140-scaled.jpg 1920w\" sizes=\"auto, (max-width: 768px) 100vw, 768px\" \/><\/figure>\n<\/div>\n<\/div>\n\n\n\n<div class=\"wp-block-columns is-layout-flex wp-container-core-columns-is-layout-9d6595d7 wp-block-columns-is-layout-flex\">\n<div class=\"wp-block-column is-layout-flow wp-block-column-is-layout-flow\">\n<h2 class=\"wp-block-heading\">Uthyrning av ridhuset<\/h2>\n\n\n\n<p><strong>Ridhus<\/strong><\/p>\n\n\n\n<p>Det finns m\u00f6jlighet att komma och rida\/k\u00f6ra i v\u00e5rt ridhus. Du bokar genom att kontakta Sofia p\u00e5 0737316278 via SMS. Pris 200kr\/ekipage och tillf\u00e4lle betalas via swish.<\/p>\n\n\n\n<p>L\u00f6shoppning eller longering \u00e4r ej till\u00e5ten.&nbsp;<\/p>\n<\/div>\n\n\n\n<div class=\"wp-block-column is-layout-flow wp-block-column-is-layout-flow\">\n<figure class=\"wp-block-image size-large\"><img decoding=\"async\" src=\"http:\/\/garstadmellangard-se.preview-domain.com\/wp-content\/uploads\/2023\/12\/20210915_095533-1-scaled-e1703497190257-1024x356.jpg\" alt=\"\" class=\"wp-image-9\"\/><\/figure>\n<\/div>\n<\/div>\n","protected":false},"excerpt":{"rendered":"<p>Uthyrning av boxplats Det som ing\u00e5r \u00e4r:&nbsp; Vi tar ej p\u00e5 eller av t\u00e4cken.&nbsp; Vi tar endast emot valacker. Under perioden (maj-sept) har vi h\u00e4starna ute dygnet runt beroende p\u00e5 v\u00e4der och de g\u00e5r i gr\u00e4shagar. Som hyresg\u00e4st f\u00f6rv\u00e4ntas man mocka sin hage dagligen n\u00e4r de g\u00e5r i gr\u00e4shagar (maj-sept) och flera ggr\/vecka n\u00e4r det&#8230;<\/p>\n","protected":false},"author":1,"featured_media":0,"parent":0,"menu_order":0,"comment_status":"closed","ping_status":"closed","template":"","meta":{"_kadence_starter_templates_imported_post":false,"_kad_post_transparent":"","_kad_post_title":"","_kad_post_layout":"","_kad_post_sidebar_id":"","_kad_post_content_style":"","_kad_post_vertical_padding":"","_kad_post_feature":"","_kad_post_feature_position":"","_kad_post_header":false,"_kad_post_footer":false,"_kad_post_classname":"","footnotes":""},"class_list":["post-31","page","type-page","status-publish","hentry"],"aioseo_notices":[],"jetpack_sharing_enabled":true,"_links":{"self":[{"href":"https:\/\/garstadmellangard.se\/index.php?rest_route=\/wp\/v2\/pages\/31","targetHints":{"allow":["GET"]}}],"collection":[{"href":"https:\/\/garstadmellangard.se\/index.php?rest_route=\/wp\/v2\/pages"}],"about":[{"href":"https:\/\/garstadmellangard.se\/index.php?rest_route=\/wp\/v2\/types\/page"}],"author":[{"embeddable":true,"href":"https:\/\/garstadmellangard.se\/index.php?rest_route=\/wp\/v2\/users\/1"}],"replies":[{"embeddable":true,"href":"https:\/\/garstadmellangard.se\/index.php?rest_route=%2Fwp%2Fv2%2Fcomments&post=31"}],"version-history":[{"count":56,"href":"https:\/\/garstadmellangard.se\/index.php?rest_route=\/wp\/v2\/pages\/31\/revisions"}],"predecessor-version":[{"id":227,"href":"https:\/\/garstadmellangard.se\/index.php?rest_route=\/wp\/v2\/pages\/31\/revisions\/227"}],"wp:attachment":[{"href":"https:\/\/garstadmellangard.se\/index.php?rest_route=%2Fwp%2Fv2%2Fmedia&parent=31"}],"curies":[{"name":"wp","href":"https:\/\/api.w.org\/{rel}","templated":true}]}}